{"id":22,"date":"2024-11-26T11:39:26","date_gmt":"2024-11-26T09:39:26","guid":{"rendered":"https:\/\/ecuadorexporttradeoffice.com\/diensten\/"},"modified":"2025-04-29T16:04:02","modified_gmt":"2025-04-29T14:04:02","slug":"products","status":"publish","type":"page","link":"https:\/\/ecuadorexporttradeoffice.com\/de\/products\/","title":{"rendered":"Produkte"},"content":{"rendered":"<div class=\"wp-block-group alignfull has-background-background-color has-background has-global-padding is-layout-constrained wp-container-core-group-is-layout-864ebe9b wp-block-group-is-layout-constrained\" style=\"margin-top:0;margin-bottom:0;padding-top:0;padding-right:0;padding-bottom:0;padding-left:0\">\n<div class=\"wp-block-cover alignfull\" style=\"padding-top:0;padding-right:var(--wp--preset--spacing--30);padding-bottom:0;padding-left:var(--wp--preset--spacing--30);min-height:50px;aspect-ratio:unset;\"><img loading=\"lazy\" decoding=\"async\" width=\"1440\" height=\"692\" class=\"wp-block-cover__image-background wp-image-96\" alt=\"\" src=\"https:\/\/ecuadorexporttradeoffice.com\/wp-content\/uploads\/2025\/01\/contecon-guayaquil-s.a.-6-1.png\" data-object-fit=\"cover\" srcset=\"https:\/\/ecuadorexporttradeoffice.com\/wp-content\/uploads\/2025\/01\/contecon-guayaquil-s.a.-6-1.png 1440w, https:\/\/ecuadorexporttradeoffice.com\/wp-content\/uploads\/2025\/01\/contecon-guayaquil-s.a.-6-1-300x144.png 300w, https:\/\/ecuadorexporttradeoffice.com\/wp-content\/uploads\/2025\/01\/contecon-guayaquil-s.a.-6-1-1024x492.png 1024w, https:\/\/ecuadorexporttradeoffice.com\/wp-content\/uploads\/2025\/01\/contecon-guayaquil-s.a.-6-1-768x369.png 768w\" sizes=\"auto, (max-width: 1440px) 100vw, 1440px\" \/><span aria-hidden=\"true\" class=\"wp-block-cover__background has-black-background-color has-background-dim-60 has-background-dim\"><\/span><div class=\"wp-block-cover__inner-container is-layout-flow wp-block-cover-is-layout-flow\">\n<div class=\"wp-block-group has-global-padding is-layout-constrained wp-block-group-is-layout-constrained\" style=\"padding-top:var(--wp--preset--spacing--60);padding-bottom:var(--wp--preset--spacing--60)\">\n<div class=\"wp-block-columns alignwide are-vertically-aligned-center is-layout-flex wp-container-core-columns-is-layout-947c9d80 wp-block-columns-is-layout-flex\">\n<div class=\"wp-block-column is-vertically-aligned-center is-layout-flow wp-block-column-is-layout-flow\">\n<h1 class=\"wp-block-heading has-text-align-center has-text-color has-x-large-font-size\" style=\"color:#fffffffc\">Ihr Zugang zu hochwertigen Exportprodukten aus Ecuador<\/h1>\n<\/div>\n<\/div>\n<\/div>\n<\/div><\/div>\n<\/div>\n\n\n\n<div class=\"wp-block-group alignfull has-tertiary-background-color has-background has-global-padding is-layout-constrained wp-container-core-group-is-layout-7276a2bb wp-block-group-is-layout-constrained\" style=\"margin-top:0;margin-bottom:0;padding-top:var(--wp--preset--spacing--60);padding-right:var(--wp--preset--spacing--30);padding-bottom:var(--wp--preset--spacing--60);padding-left:var(--wp--preset--spacing--30)\">\n<div class=\"wp-block-group alignwide has-global-padding is-content-justification-left is-layout-constrained wp-container-core-group-is-layout-8b4c372c wp-block-group-is-layout-constrained\">\n<h2 class=\"wp-block-heading has-large-font-size\">Unsere Produkte f\u00fcr Sie<\/h2>\n\n\n\n<p style=\"margin-top:16px\">Bei ECUADOR EXPORT TRADEOFFICE S.\u00a0A. sind wir auf den reibungslosen Export der besten Produkte spezialisiert, die Ecuador zu bieten hat, darunter Palm\u00f6l, Garnelen und landwirtschaftliche Erzeugnisse. Unser Fokus liegt auf Qualit\u00e4t, Nachhaltigkeit und der Garantie einer p\u00fcnktlichen Lieferung an M\u00e4rkte in der ganzen Welt.<\/p>\n<\/div>\n\n\n\n<div class=\"wp-block-columns alignwide is-layout-flex wp-container-core-columns-is-layout-5b525043 wp-block-columns-is-layout-flex\">\n<div class=\"wp-block-column is-layout-flow wp-block-column-is-layout-flow\">\n<h3 class=\"wp-block-heading\" style=\"margin-top:24px;font-size:clamp(14px, 0.875rem + ((1vw - 3.2px) * 0.625), 20px);line-height:1.5\">Export von Palm\u00f6lprodukten<\/h3>\n\n\n\n<p class=\"has-small-font-size\" style=\"margin-top:8px\">Lieferung erstklassiger Palm\u00f6lprodukte f\u00fcr die Biokraftstoffindustrie, einschlie\u00dflich PFAD &amp; POME \u2013 zuverl\u00e4ssig und mit garantierter Qualit\u00e4t.<\/p>\n<\/div>\n\n\n\n<div class=\"wp-block-column is-layout-flow wp-block-column-is-layout-flow\">\n<h3 class=\"wp-block-heading\" style=\"margin-top:24px;font-size:clamp(14px, 0.875rem + ((1vw - 3.2px) * 0.625), 20px);line-height:1.5\">Export von Garnelen<\/h3>\n\n\n\n<p class=\"has-small-font-size\" style=\"margin-top:8px\">Lieferung frischer, nachhaltig eingekaufter Garnelen, die den internationalen Standards im Hinblick auf Lebensmittelsicherheit entsprechen.<\/p>\n<\/div>\n\n\n\n<div class=\"wp-block-column is-layout-flow wp-block-column-is-layout-flow\">\n<h3 class=\"wp-block-heading\" style=\"margin-top:24px;font-size:clamp(14px, 0.875rem + ((1vw - 3.2px) * 0.625), 20px);line-height:1.5\">Projekteinkauf<\/h3>\n\n\n\n<p class=\"has-small-font-size\" style=\"margin-top:8px\">Export einer Vielzahl hochwertiger landwirtschaftlicher Erzeugnisse aus dem fruchtbaren Ecuador auf die Weltm\u00e4rkte.<\/p>\n<\/div>\n<\/div>\n<\/div>\n\n\n\n<div class=\"wp-block-group alignfull has-background-background-color has-background has-global-padding is-layout-constrained wp-container-core-group-is-layout-68d5e5bb wp-block-group-is-layout-constrained\" style=\"margin-top:0;margin-bottom:0;padding-top:var(--wp--preset--spacing--50);padding-right:var(--wp--preset--spacing--30);padding-bottom:var(--wp--preset--spacing--60);padding-left:var(--wp--preset--spacing--30)\">\n<div class=\"wp-block-group alignwide has-global-padding is-content-justification-left is-layout-constrained wp-container-core-group-is-layout-12dd3699 wp-block-group-is-layout-constrained\">\n<h2 class=\"wp-block-heading has-large-font-size\">Das spricht f\u00fcr uns<\/h2>\n<\/div>\n\n\n\n<div class=\"wp-block-columns alignwide is-layout-flex wp-container-core-columns-is-layout-47c06fe3 wp-block-columns-is-layout-flex\">\n<div class=\"wp-block-column is-layout-flow wp-block-column-is-layout-flow\">\n<figure class=\"wp-block-gallery has-nested-images columns-default is-cropped wp-block-gallery-1 is-layout-flex wp-block-gallery-is-layout-flex\">\n<figure class=\"wp-block-image size-large\"><img loading=\"lazy\" decoding=\"async\" width=\"728\" height=\"473\" data-id=\"124\" src=\"https:\/\/ecuadorexporttradeoffice.com\/wp-content\/uploads\/2025\/01\/vlag.webp\" alt=\"\" class=\"wp-image-124\" srcset=\"https:\/\/ecuadorexporttradeoffice.com\/wp-content\/uploads\/2025\/01\/vlag.webp 728w, https:\/\/ecuadorexporttradeoffice.com\/wp-content\/uploads\/2025\/01\/vlag-300x195.webp 300w\" sizes=\"auto, (max-width: 728px) 100vw, 728px\" \/><\/figure>\n<\/figure>\n<\/div>\n\n\n\n<div class=\"wp-block-column is-layout-flow wp-block-column-is-layout-flow\">\n<div class=\"wp-block-group has-global-padding is-layout-constrained wp-block-group-is-layout-constrained\">\n<h3 class=\"wp-block-heading\" style=\"font-size:clamp(14px, 0.875rem + ((1vw - 3.2px) * 0.625), 20px);line-height:1.5\">Hochwertige Produkte<\/h3>\n\n\n\n<p class=\"has-small-font-size\" style=\"margin-top:8px\">Wir exportieren nur die besten Produkte, die den weltweiten Qualit\u00e4ts- und Sicherheitsstandards entsprechen.<\/p>\n<\/div>\n\n\n\n<div class=\"wp-block-group has-global-padding is-layout-constrained wp-block-group-is-layout-constrained\">\n<h3 class=\"wp-block-heading\" style=\"font-size:clamp(14px, 0.875rem + ((1vw - 3.2px) * 0.625), 20px);line-height:1.5\">Zuverl\u00e4ssige Logistik<\/h3>\n\n\n\n<p class=\"has-small-font-size\" style=\"margin-top:8px\">Mit unseren erfahrenen Fachkr\u00e4ften sorgen wir f\u00fcr eine effiziente und termingerechte Belieferung unserer Kunden.<\/p>\n<\/div>\n\n\n\n<div class=\"wp-block-group has-global-padding is-layout-constrained wp-block-group-is-layout-constrained\">\n<p><\/p>\n<\/div>\n<\/div>\n\n\n\n<div class=\"wp-block-column is-layout-flow wp-block-column-is-layout-flow\">\n<div class=\"wp-block-group has-global-padding is-layout-constrained wp-block-group-is-layout-constrained\">\n<h3 class=\"wp-block-heading\" style=\"font-size:clamp(14px, 0.875rem + ((1vw - 3.2px) * 0.625), 20px);line-height:1.5\">Fokus auf Nachhaltigkeit<\/h3>\n\n\n\n<p class=\"has-small-font-size\" style=\"margin-top:8px\">Die Verantwortung gegen\u00fcber unserer Umwelt und dem Wohl der Gemeinschaft steht bei unserem Handeln immer im Mittelpunkt.<\/p>\n<\/div>\n\n\n\n<div class=\"wp-block-group has-global-padding is-layout-constrained wp-block-group-is-layout-constrained\">\n<h3 class=\"wp-block-heading\" style=\"font-size:clamp(14px, 0.875rem + ((1vw - 3.2px) * 0.625), 20px);line-height:1.5\">Lokale Expertise<\/h3>\n\n\n\n<p class=\"has-small-font-size\" style=\"margin-top:8px\">Wir sind ganz nah am Produktionsprozess, wodurch eine hohe Qualit\u00e4t garantiert ist.<\/p>\n<\/div>\n<\/div>\n<\/div>\n<\/div>\n\n\n\n<div class=\"wp-block-group alignfull has-background-background-color has-background has-global-padding is-layout-constrained wp-container-core-group-is-layout-08d2a18d wp-block-group-is-layout-constrained\" style=\"margin-top:0;margin-bottom:0;padding-top:var(--wp--preset--spacing--60);padding-right:var(--wp--preset--spacing--30);padding-bottom:var(--wp--preset--spacing--40);padding-left:var(--wp--preset--spacing--30)\">\n<h4 class=\"wp-block-heading has-text-align-center\" style=\"margin-top:18px;font-size:clamp(14px, 0.875rem + ((1vw - 3.2px) * 0.417), 18px);\"><\/h4>\n<\/div>\n\n\n\n<div class=\"wp-block-group alignfull has-background-background-color has-background has-global-padding is-layout-constrained wp-container-core-group-is-layout-7276a2bb wp-block-group-is-layout-constrained\" style=\"margin-top:0;margin-bottom:0;padding-top:var(--wp--preset--spacing--60);padding-right:var(--wp--preset--spacing--30);padding-bottom:var(--wp--preset--spacing--60);padding-left:var(--wp--preset--spacing--30)\">\n<div class=\"wp-block-group alignwide is-content-justification-space-between is-layout-flex wp-container-core-group-is-layout-9366075c wp-block-group-is-layout-flex\">\n<div class=\"wp-block-group has-global-padding is-layout-constrained wp-block-group-is-layout-constrained\">\n<h2 class=\"wp-block-heading has-large-font-size\">Globaler Handel, lokales Know-how!<\/h2>\n\n\n\n<p style=\"margin-top:16px\">Sprechen Sie mit uns!<\/p>\n<\/div>\n\n\n\n<div class=\"wp-block-buttons is-horizontal is-content-justification-right is-layout-flex wp-container-core-buttons-is-layout-27c00227 wp-block-buttons-is-layout-flex\">\n<div class=\"wp-block-button\"><a class=\"wp-block-button__link wp-element-button\" href=\"https:\/\/ecuadorexporttradeoffice.com\/de\/contact\/\">Kontakt<\/a><\/div>\n<\/div>\n<\/div>\n<\/div>","protected":false},"excerpt":{"rendered":"<p>Our products for you ECUADOR EXPORT TRADEOFFICE S.A. specialises in the seamless export of the best products Ecuador has to offer, including palm oil, King prawns and agricultural products. We focus on quality, sustainability and ensuring timely deliveries to markets around the world. Export of palm oil products We supply premium palm oil products that [&hellip;]<\/p>","protected":false},"author":1,"featured_media":0,"parent":0,"menu_order":0,"comment_status":"closed","ping_status":"closed","template":"no-title","meta":{"footnotes":""},"class_list":["post-22","page","type-page","status-publish","hentry"],"_links":{"self":[{"href":"https:\/\/ecuadorexporttradeoffice.com\/de\/wp-json\/wp\/v2\/pages\/22","targetHints":{"allow":["GET"]}}],"collection":[{"href":"https:\/\/ecuadorexporttradeoffice.com\/de\/wp-json\/wp\/v2\/pages"}],"about":[{"href":"https:\/\/ecuadorexporttradeoffice.com\/de\/wp-json\/wp\/v2\/types\/page"}],"author":[{"embeddable":true,"href":"https:\/\/ecuadorexporttradeoffice.com\/de\/wp-json\/wp\/v2\/users\/1"}],"replies":[{"embeddable":true,"href":"https:\/\/ecuadorexporttradeoffice.com\/de\/wp-json\/wp\/v2\/comments?post=22"}],"version-history":[{"count":22,"href":"https:\/\/ecuadorexporttradeoffice.com\/de\/wp-json\/wp\/v2\/pages\/22\/revisions"}],"predecessor-version":[{"id":185,"href":"https:\/\/ecuadorexporttradeoffice.com\/de\/wp-json\/wp\/v2\/pages\/22\/revisions\/185"}],"wp:attachment":[{"href":"https:\/\/ecuadorexporttradeoffice.com\/de\/wp-json\/wp\/v2\/media?parent=22"}],"curies":[{"name":"wp","href":"https:\/\/api.w.org\/{rel}","templated":true}]}}