{"id":23,"date":"2024-11-26T11:39:27","date_gmt":"2024-11-26T09:39:27","guid":{"rendered":"https:\/\/ecuadorexporttradeoffice.com\/portfolio\/"},"modified":"2025-12-28T21:21:47","modified_gmt":"2025-12-28T19:21:47","slug":"portfolio","status":"publish","type":"page","link":"https:\/\/ecuadorexporttradeoffice.com\/de\/portfolio\/","title":{"rendered":"Portfolio"},"content":{"rendered":"<div class=\"wp-block-group alignfull has-background-background-color has-background has-global-padding is-layout-constrained wp-container-core-group-is-layout-864ebe9b wp-block-group-is-layout-constrained\" style=\"margin-top:0;margin-bottom:0;padding-top:0;padding-right:0;padding-bottom:0;padding-left:0\">\n<div class=\"wp-block-cover alignfull\" style=\"padding-top:0;padding-right:var(--wp--preset--spacing--30);padding-bottom:0;padding-left:var(--wp--preset--spacing--30);min-height:245px;aspect-ratio:unset;\"><img loading=\"lazy\" decoding=\"async\" width=\"1440\" height=\"692\" class=\"wp-block-cover__image-background wp-image-93\" alt=\"\" src=\"https:\/\/ecuadorexporttradeoffice.com\/wp-content\/uploads\/2025\/01\/contecon-guayaquil-s.a.-4.jpg\" data-object-fit=\"cover\" srcset=\"https:\/\/ecuadorexporttradeoffice.com\/wp-content\/uploads\/2025\/01\/contecon-guayaquil-s.a.-4.jpg 1440w, https:\/\/ecuadorexporttradeoffice.com\/wp-content\/uploads\/2025\/01\/contecon-guayaquil-s.a.-4-300x144.jpg 300w, https:\/\/ecuadorexporttradeoffice.com\/wp-content\/uploads\/2025\/01\/contecon-guayaquil-s.a.-4-1024x492.jpg 1024w, https:\/\/ecuadorexporttradeoffice.com\/wp-content\/uploads\/2025\/01\/contecon-guayaquil-s.a.-4-768x369.jpg 768w\" sizes=\"auto, (max-width: 1440px) 100vw, 1440px\" \/><span aria-hidden=\"true\" class=\"wp-block-cover__background has-black-background-color has-background-dim-60 has-background-dim\"><\/span><div class=\"wp-block-cover__inner-container is-layout-flow wp-block-cover-is-layout-flow\">\n<div class=\"wp-block-group has-global-padding is-layout-constrained wp-block-group-is-layout-constrained\" style=\"padding-top:var(--wp--preset--spacing--60);padding-bottom:var(--wp--preset--spacing--60)\">\n<div class=\"wp-block-columns alignwide are-vertically-aligned-center is-layout-flex wp-container-core-columns-is-layout-947c9d80 wp-block-columns-is-layout-flex\">\n<div class=\"wp-block-column is-vertically-aligned-center is-layout-flow wp-block-column-is-layout-flow\">\n<h1 class=\"wp-block-heading has-text-align-center has-text-color has-x-large-font-size\" style=\"color:#fffffffc\">Weltweite Lieferung<\/h1>\n<\/div>\n<\/div>\n<\/div>\n<\/div><\/div>\n<\/div>\n\n\n\n<div class=\"wp-block-group alignfull has-tertiary-background-color has-background has-global-padding is-layout-constrained wp-container-core-group-is-layout-325bbe3f wp-block-group-is-layout-constrained\" style=\"margin-top:0;margin-bottom:0;padding-top:var(--wp--preset--spacing--60);padding-right:var(--wp--preset--spacing--30);padding-bottom:var(--wp--preset--spacing--40);padding-left:var(--wp--preset--spacing--30)\">\n<div class=\"wp-block-group alignwide has-global-padding is-content-justification-left is-layout-constrained wp-container-core-group-is-layout-8b4c372c wp-block-group-is-layout-constrained\">\n<h2 class=\"wp-block-heading has-text-align-left has-large-font-size\">Unsere Produkte, die \u00fcberzeugen<\/h2>\n\n\n\n<p class=\"has-text-align-left\" style=\"margin-top:16px\">Unser Portfolio unterstreicht unser Engagement im Hinblick auf Qualit\u00e4t, Nachhaltigkeit und zuverl\u00e4ssigen Service beim Export der besten Produkte, die Ecuador zu bieten hat, wie Palm\u00f6lprodukte f\u00fcr PFAD- und POME-Biokraftstoffprozesse, Vannamei-Zucht-Garnelen und der Projekteinkauf von z.\u00a0B. Bananen.<\/p>\n<\/div>\n\n\n\n<div class=\"wp-block-columns alignwide is-layout-flex wp-container-core-columns-is-layout-b5bd292d wp-block-columns-is-layout-flex\" style=\"margin-top:var(--wp--preset--spacing--50)\">\n<div class=\"wp-block-column is-layout-flow wp-block-column-is-layout-flow\" style=\"flex-basis:33.33%\">\n<figure class=\"wp-block-image size-full\"><img loading=\"lazy\" decoding=\"async\" width=\"768\" height=\"1024\" src=\"https:\/\/ecuadorexporttradeoffice.com\/wp-content\/uploads\/2025\/01\/2.jpg\" alt=\"\" class=\"wp-image-112\" style=\"aspect-ratio:2\/3;object-fit:cover\" srcset=\"https:\/\/ecuadorexporttradeoffice.com\/wp-content\/uploads\/2025\/01\/2.jpg 768w, https:\/\/ecuadorexporttradeoffice.com\/wp-content\/uploads\/2025\/01\/2-225x300.jpg 225w\" sizes=\"auto, (max-width: 768px) 100vw, 768px\" \/><\/figure>\n<\/div>\n\n\n\n<div class=\"wp-block-column is-layout-flow wp-block-column-is-layout-flow\" style=\"flex-basis:66.66%\">\n<figure class=\"wp-block-image size-full\"><img loading=\"lazy\" decoding=\"async\" width=\"1000\" height=\"662\" src=\"https:\/\/ecuadorexporttradeoffice.com\/wp-content\/uploads\/2025\/01\/3.jpg\" alt=\"\" class=\"wp-image-113\" style=\"aspect-ratio:4\/3;object-fit:cover\" srcset=\"https:\/\/ecuadorexporttradeoffice.com\/wp-content\/uploads\/2025\/01\/3.jpg 1000w, https:\/\/ecuadorexporttradeoffice.com\/wp-content\/uploads\/2025\/01\/3-300x199.jpg 300w, https:\/\/ecuadorexporttradeoffice.com\/wp-content\/uploads\/2025\/01\/3-768x508.jpg 768w\" sizes=\"auto, (max-width: 1000px) 100vw, 1000px\" \/><\/figure>\n<\/div>\n<\/div>\n\n\n\n<div class=\"wp-block-columns alignwide is-layout-flex wp-container-core-columns-is-layout-47c06fe3 wp-block-columns-is-layout-flex\">\n<div class=\"wp-block-column is-layout-flow wp-block-column-is-layout-flow\" style=\"flex-basis:66.66%\">\n<figure class=\"wp-block-image size-full\"><img loading=\"lazy\" decoding=\"async\" width=\"1536\" height=\"832\" src=\"https:\/\/ecuadorexporttradeoffice.com\/wp-content\/uploads\/2025\/01\/s2.png\" alt=\"\" class=\"wp-image-114\" style=\"aspect-ratio:4\/3;object-fit:cover\" srcset=\"https:\/\/ecuadorexporttradeoffice.com\/wp-content\/uploads\/2025\/01\/s2.png 1536w, https:\/\/ecuadorexporttradeoffice.com\/wp-content\/uploads\/2025\/01\/s2-300x163.png 300w, https:\/\/ecuadorexporttradeoffice.com\/wp-content\/uploads\/2025\/01\/s2-1024x555.png 1024w, https:\/\/ecuadorexporttradeoffice.com\/wp-content\/uploads\/2025\/01\/s2-768x416.png 768w\" sizes=\"auto, (max-width: 1536px) 100vw, 1536px\" \/><\/figure>\n<\/div>\n\n\n\n<div class=\"wp-block-column is-layout-flow wp-block-column-is-layout-flow\" style=\"flex-basis:33.33%\">\n<figure class=\"wp-block-image size-full\"><img loading=\"lazy\" decoding=\"async\" width=\"980\" height=\"486\" src=\"https:\/\/ecuadorexporttradeoffice.com\/wp-content\/uploads\/2025\/01\/s3.webp\" alt=\"\" class=\"wp-image-115\" style=\"aspect-ratio:2\/3;object-fit:cover\" srcset=\"https:\/\/ecuadorexporttradeoffice.com\/wp-content\/uploads\/2025\/01\/s3.webp 980w, https:\/\/ecuadorexporttradeoffice.com\/wp-content\/uploads\/2025\/01\/s3-300x149.webp 300w, https:\/\/ecuadorexporttradeoffice.com\/wp-content\/uploads\/2025\/01\/s3-768x381.webp 768w\" sizes=\"auto, (max-width: 980px) 100vw, 980px\" \/><\/figure>\n<\/div>\n<\/div>\n<\/div>\n\n\n\n<figure class=\"wp-block-gallery has-nested-images columns-default is-cropped wp-block-gallery-1 is-layout-flex wp-block-gallery-is-layout-flex\">\n<figure class=\"wp-block-image alignright size-large\"><img loading=\"lazy\" decoding=\"async\" width=\"800\" height=\"600\" data-id=\"118\" src=\"https:\/\/ecuadorexporttradeoffice.com\/wp-content\/uploads\/2025\/01\/b3-1.jpg\" alt=\"\" class=\"wp-image-118\" srcset=\"https:\/\/ecuadorexporttradeoffice.com\/wp-content\/uploads\/2025\/01\/b3-1.jpg 800w, https:\/\/ecuadorexporttradeoffice.com\/wp-content\/uploads\/2025\/01\/b3-1-300x225.jpg 300w, https:\/\/ecuadorexporttradeoffice.com\/wp-content\/uploads\/2025\/01\/b3-1-768x576.jpg 768w\" sizes=\"auto, (max-width: 800px) 100vw, 800px\" \/><\/figure>\n<\/figure>\n\n\n\n<p><\/p>\n\n\n\n<p><\/p>\n\n\n\n<p><\/p>\n\n\n\n<div class=\"wp-block-group alignfull has-background-background-color has-background has-global-padding is-layout-constrained wp-container-core-group-is-layout-7276a2bb wp-block-group-is-layout-constrained\" style=\"margin-top:0;margin-bottom:0;padding-top:var(--wp--preset--spacing--60);padding-right:var(--wp--preset--spacing--30);padding-bottom:var(--wp--preset--spacing--60);padding-left:var(--wp--preset--spacing--30)\">\n<h2 class=\"wp-block-heading has-text-align-center has-large-font-size\">Wir machen Handel einfach!<\/h2>\n\n\n\n<p class=\"has-text-align-center\" style=\"margin-top:16px\">Haben Sie Fragen zu unseren Produkten oder zur Logistik? Kontaktieren Sie uns noch heute \u2013 wir erm\u00f6glichen Ihnen einen reibungslosen Zugang zu erstklassigen Exportprodukten aus Ecuador.<\/p>\n\n\n\n<div class=\"wp-block-group has-tertiary-background-color has-background has-global-padding is-layout-constrained wp-container-core-group-is-layout-3b1530dc wp-block-group-is-layout-constrained\" style=\"padding-top:var(--wp--preset--spacing--30);padding-right:var(--wp--preset--spacing--40);padding-bottom:var(--wp--preset--spacing--40);padding-left:var(--wp--preset--spacing--40)\">\n<p class=\"has-text-align-center\"><strong>Ecuador Export Tradeoffice S.A.<\/strong><\/p>\n\n\n\n<p class=\"has-text-align-center\" style=\"margin-top:8px\"><a href=\"mailto:welcome@ecuadorexporttradeoffice.com\">welcome@ecuadorexporttradeoffice.com<\/a><\/p>\n<\/div>\n<\/div>","protected":false},"excerpt":{"rendered":"<p>Onze indrukwekkende producten Ons portfolio benadrukt onze toewijding aan kwaliteit, duurzaamheid en betrouwbare service bij het exporteren van de beste producten van Ecuador, waaronder palmolieproducten voor het biobrandstofproces PFAD &amp; POME, garnalen vannamei gekweekt en projectinkoop van o.a. bananen. Laten we handel eenvoudig maken! Heb je vragen over onze producten of logistiek? Neem vandaag nog [&hellip;]<\/p>","protected":false},"author":1,"featured_media":0,"parent":0,"menu_order":0,"comment_status":"closed","ping_status":"closed","template":"no-title","meta":{"footnotes":""},"class_list":["post-23","page","type-page","status-publish","hentry"],"_links":{"self":[{"href":"https:\/\/ecuadorexporttradeoffice.com\/de\/wp-json\/wp\/v2\/pages\/23","targetHints":{"allow":["GET"]}}],"collection":[{"href":"https:\/\/ecuadorexporttradeoffice.com\/de\/wp-json\/wp\/v2\/pages"}],"about":[{"href":"https:\/\/ecuadorexporttradeoffice.com\/de\/wp-json\/wp\/v2\/types\/page"}],"author":[{"embeddable":true,"href":"https:\/\/ecuadorexporttradeoffice.com\/de\/wp-json\/wp\/v2\/users\/1"}],"replies":[{"embeddable":true,"href":"https:\/\/ecuadorexporttradeoffice.com\/de\/wp-json\/wp\/v2\/comments?post=23"}],"version-history":[{"count":18,"href":"https:\/\/ecuadorexporttradeoffice.com\/de\/wp-json\/wp\/v2\/pages\/23\/revisions"}],"predecessor-version":[{"id":207,"href":"https:\/\/ecuadorexporttradeoffice.com\/de\/wp-json\/wp\/v2\/pages\/23\/revisions\/207"}],"wp:attachment":[{"href":"https:\/\/ecuadorexporttradeoffice.com\/de\/wp-json\/wp\/v2\/media?parent=23"}],"curies":[{"name":"wp","href":"https:\/\/api.w.org\/{rel}","templated":true}]}}