{"id":22,"date":"2024-11-26T11:39:26","date_gmt":"2024-11-26T09:39:26","guid":{"rendered":"https:\/\/ecuadorexporttradeoffice.com\/diensten\/"},"modified":"2025-04-29T16:04:02","modified_gmt":"2025-04-29T14:04:02","slug":"products","status":"publish","type":"page","link":"https:\/\/ecuadorexporttradeoffice.com\/es\/products\/","title":{"rendered":"Productos"},"content":{"rendered":"<div class=\"wp-block-group alignfull has-background-background-color has-background has-global-padding is-layout-constrained wp-container-core-group-is-layout-864ebe9b wp-block-group-is-layout-constrained\" style=\"margin-top:0;margin-bottom:0;padding-top:0;padding-right:0;padding-bottom:0;padding-left:0\">\n<div class=\"wp-block-cover alignfull\" style=\"padding-top:0;padding-right:var(--wp--preset--spacing--30);padding-bottom:0;padding-left:var(--wp--preset--spacing--30);min-height:50px;aspect-ratio:unset;\"><img loading=\"lazy\" decoding=\"async\" width=\"1440\" height=\"692\" class=\"wp-block-cover__image-background wp-image-96\" alt=\"\" src=\"https:\/\/ecuadorexporttradeoffice.com\/wp-content\/uploads\/2025\/01\/contecon-guayaquil-s.a.-6-1.png\" data-object-fit=\"cover\" srcset=\"https:\/\/ecuadorexporttradeoffice.com\/wp-content\/uploads\/2025\/01\/contecon-guayaquil-s.a.-6-1.png 1440w, https:\/\/ecuadorexporttradeoffice.com\/wp-content\/uploads\/2025\/01\/contecon-guayaquil-s.a.-6-1-300x144.png 300w, https:\/\/ecuadorexporttradeoffice.com\/wp-content\/uploads\/2025\/01\/contecon-guayaquil-s.a.-6-1-1024x492.png 1024w, https:\/\/ecuadorexporttradeoffice.com\/wp-content\/uploads\/2025\/01\/contecon-guayaquil-s.a.-6-1-768x369.png 768w\" sizes=\"auto, (max-width: 1440px) 100vw, 1440px\" \/><span aria-hidden=\"true\" class=\"wp-block-cover__background has-black-background-color has-background-dim-60 has-background-dim\"><\/span><div class=\"wp-block-cover__inner-container is-layout-flow wp-block-cover-is-layout-flow\">\n<div class=\"wp-block-group has-global-padding is-layout-constrained wp-block-group-is-layout-constrained\" style=\"padding-top:var(--wp--preset--spacing--60);padding-bottom:var(--wp--preset--spacing--60)\">\n<div class=\"wp-block-columns alignwide are-vertically-aligned-center is-layout-flex wp-container-core-columns-is-layout-947c9d80 wp-block-columns-is-layout-flex\">\n<div class=\"wp-block-column is-vertically-aligned-center is-layout-flow wp-block-column-is-layout-flow\">\n<h1 class=\"wp-block-heading has-text-align-center has-text-color has-x-large-font-size\" style=\"color:#fffffffc\">Su puerta de entrada a productos ecuatorianos de calidad superior<\/h1>\n<\/div>\n<\/div>\n<\/div>\n<\/div><\/div>\n<\/div>\n\n\n\n<div class=\"wp-block-group alignfull has-tertiary-background-color has-background has-global-padding is-layout-constrained wp-container-core-group-is-layout-7276a2bb wp-block-group-is-layout-constrained\" style=\"margin-top:0;margin-bottom:0;padding-top:var(--wp--preset--spacing--60);padding-right:var(--wp--preset--spacing--30);padding-bottom:var(--wp--preset--spacing--60);padding-left:var(--wp--preset--spacing--30)\">\n<div class=\"wp-block-group alignwide has-global-padding is-content-justification-left is-layout-constrained wp-container-core-group-is-layout-8b4c372c wp-block-group-is-layout-constrained\">\n<h2 class=\"wp-block-heading has-large-font-size\">Nuestros productos<\/h2>\n\n\n\n<p style=\"margin-top:16px\">En ECUADOR EXPORT TRADEOFFICE S.A. nos dedicamos a la exportaci\u00f3n eficiente de los mejores productos ecuatorianos, como el aceite de palma, los camarones y productos agr\u00edcolas. Nuestra prioridad es la calidad, la sostenibilidad y el cumplimiento puntual en las entregas a mercados internacionales.<\/p>\n<\/div>\n\n\n\n<div class=\"wp-block-columns alignwide is-layout-flex wp-container-core-columns-is-layout-5b525043 wp-block-columns-is-layout-flex\">\n<div class=\"wp-block-column is-layout-flow wp-block-column-is-layout-flow\">\n<h3 class=\"wp-block-heading\" style=\"margin-top:24px;font-size:clamp(14px, 0.875rem + ((1vw - 3.2px) * 0.625), 20px);line-height:1.5\">Exportaci\u00f3n de productos de aceite de palma<\/h3>\n\n\n\n<p class=\"has-small-font-size\" style=\"margin-top:8px\">Suministramos productos de aceite de palma de primera calidad para la industria de biocombustibles, como PFAD y POME, con garant\u00eda de calidad y confiabilidad.<\/p>\n<\/div>\n\n\n\n<div class=\"wp-block-column is-layout-flow wp-block-column-is-layout-flow\">\n<h3 class=\"wp-block-heading\" style=\"margin-top:24px;font-size:clamp(14px, 0.875rem + ((1vw - 3.2px) * 0.625), 20px);line-height:1.5\">Exportaci\u00f3n de camarones<\/h3>\n\n\n\n<p class=\"has-small-font-size\" style=\"margin-top:8px\">Exportamos camarones frescos, obtenidos de forma sostenible, que cumplen con los est\u00e1ndares internacionales de seguridad alimentaria.<\/p>\n<\/div>\n\n\n\n<div class=\"wp-block-column is-layout-flow wp-block-column-is-layout-flow\">\n<h3 class=\"wp-block-heading\" style=\"margin-top:24px;font-size:clamp(14px, 0.875rem + ((1vw - 3.2px) * 0.625), 20px);line-height:1.5\">Compras por proyecto<\/h3>\n\n\n\n<p class=\"has-small-font-size\" style=\"margin-top:8px\">Coordinamos la compra y exportaci\u00f3n de una amplia variedad de productos agr\u00edcolas de alta calidad desde las tierras f\u00e9rtiles de Ecuador hacia mercados internacionales.<\/p>\n<\/div>\n<\/div>\n<\/div>\n\n\n\n<div class=\"wp-block-group alignfull has-background-background-color has-background has-global-padding is-layout-constrained wp-container-core-group-is-layout-68d5e5bb wp-block-group-is-layout-constrained\" style=\"margin-top:0;margin-bottom:0;padding-top:var(--wp--preset--spacing--50);padding-right:var(--wp--preset--spacing--30);padding-bottom:var(--wp--preset--spacing--60);padding-left:var(--wp--preset--spacing--30)\">\n<div class=\"wp-block-group alignwide has-global-padding is-content-justification-left is-layout-constrained wp-container-core-group-is-layout-12dd3699 wp-block-group-is-layout-constrained\">\n<h2 class=\"wp-block-heading has-large-font-size\">\u00bfPor qu\u00e9 elegirnos?<\/h2>\n<\/div>\n\n\n\n<div class=\"wp-block-columns alignwide is-layout-flex wp-container-core-columns-is-layout-47c06fe3 wp-block-columns-is-layout-flex\">\n<div class=\"wp-block-column is-layout-flow wp-block-column-is-layout-flow\">\n<figure class=\"wp-block-gallery has-nested-images columns-default is-cropped wp-block-gallery-1 is-layout-flex wp-block-gallery-is-layout-flex\">\n<figure class=\"wp-block-image size-large\"><img loading=\"lazy\" decoding=\"async\" width=\"728\" height=\"473\" data-id=\"124\" src=\"https:\/\/ecuadorexporttradeoffice.com\/wp-content\/uploads\/2025\/01\/vlag.webp\" alt=\"\" class=\"wp-image-124\" srcset=\"https:\/\/ecuadorexporttradeoffice.com\/wp-content\/uploads\/2025\/01\/vlag.webp 728w, https:\/\/ecuadorexporttradeoffice.com\/wp-content\/uploads\/2025\/01\/vlag-300x195.webp 300w\" sizes=\"auto, (max-width: 728px) 100vw, 728px\" \/><\/figure>\n<\/figure>\n<\/div>\n\n\n\n<div class=\"wp-block-column is-layout-flow wp-block-column-is-layout-flow\">\n<div class=\"wp-block-group has-global-padding is-layout-constrained wp-block-group-is-layout-constrained\">\n<h3 class=\"wp-block-heading\" style=\"font-size:clamp(14px, 0.875rem + ((1vw - 3.2px) * 0.625), 20px);line-height:1.5\">Productos de alta calidad<\/h3>\n\n\n\n<p class=\"has-small-font-size\" style=\"margin-top:8px\">Exportamos \u00fanicamente productos que cumplen con los m\u00e1s altos est\u00e1ndares internacionales de calidad y seguridad.<\/p>\n<\/div>\n\n\n\n<div class=\"wp-block-group has-global-padding is-layout-constrained wp-block-group-is-layout-constrained\">\n<h3 class=\"wp-block-heading\" style=\"font-size:clamp(14px, 0.875rem + ((1vw - 3.2px) * 0.625), 20px);line-height:1.5\">Log\u00edstica confiable<\/h3>\n\n\n\n<p class=\"has-small-font-size\" style=\"margin-top:8px\">Nuestro equipo de expertos garantiza entregas eficientes y puntuales.<\/p>\n<\/div>\n\n\n\n<div class=\"wp-block-group has-global-padding is-layout-constrained wp-block-group-is-layout-constrained\">\n<p><\/p>\n<\/div>\n<\/div>\n\n\n\n<div class=\"wp-block-column is-layout-flow wp-block-column-is-layout-flow\">\n<div class=\"wp-block-group has-global-padding is-layout-constrained wp-block-group-is-layout-constrained\">\n<h3 class=\"wp-block-heading\" style=\"font-size:clamp(14px, 0.875rem + ((1vw - 3.2px) * 0.625), 20px);line-height:1.5\">Compromiso con la sostenibilidad<\/h3>\n\n\n\n<p class=\"has-small-font-size\" style=\"margin-top:8px\">Nuestras operaciones priorizan el cuidado del medio ambiente y el bienestar de nuestras comunidades locales.<\/p>\n<\/div>\n\n\n\n<div class=\"wp-block-group has-global-padding is-layout-constrained wp-block-group-is-layout-constrained\">\n<h3 class=\"wp-block-heading\" style=\"font-size:clamp(14px, 0.875rem + ((1vw - 3.2px) * 0.625), 20px);line-height:1.5\">Conocimiento local<\/h3>\n\n\n\n<p class=\"has-small-font-size\" style=\"margin-top:8px\">Seguimos de cerca el proceso de producci\u00f3n, lo que nos permite garantizar la calidad de nuestros productos.<\/p>\n<\/div>\n<\/div>\n<\/div>\n<\/div>\n\n\n\n<div class=\"wp-block-group alignfull has-background-background-color has-background has-global-padding is-layout-constrained wp-container-core-group-is-layout-08d2a18d wp-block-group-is-layout-constrained\" style=\"margin-top:0;margin-bottom:0;padding-top:var(--wp--preset--spacing--60);padding-right:var(--wp--preset--spacing--30);padding-bottom:var(--wp--preset--spacing--40);padding-left:var(--wp--preset--spacing--30)\">\n<h4 class=\"wp-block-heading has-text-align-center\" style=\"margin-top:18px;font-size:clamp(14px, 0.875rem + ((1vw - 3.2px) * 0.417), 18px);\"><\/h4>\n<\/div>\n\n\n\n<div class=\"wp-block-group alignfull has-background-background-color has-background has-global-padding is-layout-constrained wp-container-core-group-is-layout-7276a2bb wp-block-group-is-layout-constrained\" style=\"margin-top:0;margin-bottom:0;padding-top:var(--wp--preset--spacing--60);padding-right:var(--wp--preset--spacing--30);padding-bottom:var(--wp--preset--spacing--60);padding-left:var(--wp--preset--spacing--30)\">\n<div class=\"wp-block-group alignwide is-content-justification-space-between is-layout-flex wp-container-core-group-is-layout-9366075c wp-block-group-is-layout-flex\">\n<div class=\"wp-block-group has-global-padding is-layout-constrained wp-block-group-is-layout-constrained\">\n<h2 class=\"wp-block-heading has-large-font-size\">\u00a1Comercio internacional con experiencia local!<\/h2>\n\n\n\n<p style=\"margin-top:16px\">\u00a1P\u00f3ngase en contacto con nosotros!<\/p>\n<\/div>\n\n\n\n<div class=\"wp-block-buttons is-horizontal is-content-justification-right is-layout-flex wp-container-core-buttons-is-layout-27c00227 wp-block-buttons-is-layout-flex\">\n<div class=\"wp-block-button\"><a class=\"wp-block-button__link wp-element-button\" href=\"https:\/\/ecuadorexporttradeoffice.com\/es\/contact\/\">Contacto<\/a><\/div>\n<\/div>\n<\/div>\n<\/div>","protected":false},"excerpt":{"rendered":"<p>Our products for you ECUADOR EXPORT TRADEOFFICE S.A. specialises in the seamless export of the best products Ecuador has to offer, including palm oil, King prawns and agricultural products. We focus on quality, sustainability and ensuring timely deliveries to markets around the world. Export of palm oil products We supply premium palm oil products that [&hellip;]<\/p>","protected":false},"author":1,"featured_media":0,"parent":0,"menu_order":0,"comment_status":"closed","ping_status":"closed","template":"no-title","meta":{"footnotes":""},"class_list":["post-22","page","type-page","status-publish","hentry"],"_links":{"self":[{"href":"https:\/\/ecuadorexporttradeoffice.com\/es\/wp-json\/wp\/v2\/pages\/22","targetHints":{"allow":["GET"]}}],"collection":[{"href":"https:\/\/ecuadorexporttradeoffice.com\/es\/wp-json\/wp\/v2\/pages"}],"about":[{"href":"https:\/\/ecuadorexporttradeoffice.com\/es\/wp-json\/wp\/v2\/types\/page"}],"author":[{"embeddable":true,"href":"https:\/\/ecuadorexporttradeoffice.com\/es\/wp-json\/wp\/v2\/users\/1"}],"replies":[{"embeddable":true,"href":"https:\/\/ecuadorexporttradeoffice.com\/es\/wp-json\/wp\/v2\/comments?post=22"}],"version-history":[{"count":22,"href":"https:\/\/ecuadorexporttradeoffice.com\/es\/wp-json\/wp\/v2\/pages\/22\/revisions"}],"predecessor-version":[{"id":185,"href":"https:\/\/ecuadorexporttradeoffice.com\/es\/wp-json\/wp\/v2\/pages\/22\/revisions\/185"}],"wp:attachment":[{"href":"https:\/\/ecuadorexporttradeoffice.com\/es\/wp-json\/wp\/v2\/media?parent=22"}],"curies":[{"name":"wp","href":"https:\/\/api.w.org\/{rel}","templated":true}]}}